{"id":406,"date":"2020-05-23T19:04:52","date_gmt":"2020-05-23T17:04:52","guid":{"rendered":"https:\/\/www.oiseaudenim.com\/?page_id=406"},"modified":"2025-05-24T14:04:18","modified_gmt":"2025-05-24T12:04:18","slug":"creation-polymer-clay-miniatures-dollhouse-maison-de-poupee","status":"publish","type":"page","link":"https:\/\/www.oiseaudenim.com\/?page_id=406","title":{"rendered":"About"},"content":{"rendered":"<p class=\"has-text-align-center\"><strong>Peiwen PETITGRAND<\/strong><\/p><div class=\"wp-block-columns is-layout-flex wp-container-core-columns-is-layout-9d6595d7 wp-block-columns-is-layout-flex\"><div class=\"wp-block-column is-layout-flow wp-block-column-is-layout-flow\"><div class=\"wp-block-image\"><figure class=\"aligncenter size-full is-resized\"><img data-recalc-dims=\"1\" loading=\"lazy\" decoding=\"async\" width=\"590\" height=\"889\" src=\"https:\/\/i0.wp.com\/www.oiseaudenim.com\/wp-content\/uploads\/2020\/11\/PHO_6591-590-1.jpg?resize=590%2C889&#038;ssl=1\" alt=\"\" class=\"wp-image-3390\" style=\"width:223px;height:336px\" srcset=\"https:\/\/i0.wp.com\/www.oiseaudenim.com\/wp-content\/uploads\/2020\/11\/PHO_6591-590-1.jpg?w=590&amp;ssl=1 590w, https:\/\/i0.wp.com\/www.oiseaudenim.com\/wp-content\/uploads\/2020\/11\/PHO_6591-590-1.jpg?resize=199%2C300&amp;ssl=1 199w, https:\/\/i0.wp.com\/www.oiseaudenim.com\/wp-content\/uploads\/2020\/11\/PHO_6591-590-1.jpg?resize=332%2C500&amp;ssl=1 332w\" sizes=\"auto, (max-width: 590px) 100vw, 590px\" \/><\/figure><\/div><\/div>\n\n<div class=\"wp-block-column is-layout-flow wp-block-column-is-layout-flow\"><p>Peiwen Petitgrand is the designer, the creator and the owner of Oiseau deNim Miniatures.<br>She is from Taiwan and living in France.<br>In 2012, she started her first dollhouse miniature project, including flowers, gastronomy, some dishes (meat, vegetables, pastries) and some utensils (plates, dishes) in one inch scale, which have been shown in several exhibitions, and published in the book of miniatures \u201cde retour du march\u00e9\u201d in France.<br>She developed her technical skills, such as sculpture, moulding, bonding, welding etc, during the personal leave.<br>She is interested in developing the 3D drawing skills and exploring the printing experiences.<\/p><\/div><\/div><hr class=\"wp-block-separator has-css-opacity\"\/><h4 class=\"wp-block-heading\">\u00c0 Propos<\/h4><p>Enfant j\u2019aimais particuli\u00e8rement dessiner, j\u2019ai particip\u00e9 \u00e0 des concours. A cette \u00e9poque mon p\u00e8re \u00e9tait mon h\u00e9ros car il m\u2019apprenait plein de choses. Plus grande j\u2019ai commenc\u00e9 \u00e0 r\u00e9aliser des fleurs en p\u00e2te de papier et r\u00e9sine (une partie de l&#8217;influence de la culture fait main japonaise) pendant les vacances d&#8217;\u00e9t\u00e9. M\u00eame si ma maman m\u2019a aussi toujours soutenue, \u00e0 cet \u00e2ge-l\u00e0, on m&#8217;avait demand\u00e9 de me concentrer sur mes \u00e9tudes pour trouver un bon travail dans une grosse entreprise, comme c\u2019est le souhait dans toutes les familles, et j\u2019ai d\u00fb arr\u00eater le handcrafting vers 16 ans, tout en continuant \u00e0 r\u00e9aliser quelques paquets cadeaux et lire des livres sur le sujet.<\/p><p>Ce n\u2019est qu\u2019en 2007, que j\u2019ai quitt\u00e9 mon travail et mes parents de Taiwan pour suivre mon mari fran\u00e7ais et emm\u00e9nager dans le sud de la France, la Provence \u2026 Je fais de fr\u00e9quents voyages dans ma belle-famille, Versailles et ses environs, Paris, autant de sources d\u2019inspirations \u2026 Ma belle-m\u00e8re m\u2019apprend le tricot, la dentelle. Mon beau-p\u00e8re est un passionn\u00e9 d\u2019avions et de voitures miniatures, il fabrique des mod\u00e8les r\u00e9duits avec beaucoup d\u2019outils dans son atelier et j\u2019en d\u00e9couvre de nouveaux \u00e0 chaque fois, pour travailler sur le bois, pour peindre\u2026<\/p><p>Depuis 2009, J\u2019ai commenc\u00e9 \u00e0 r\u00e9aliser des projets des miniatures, fleurs, gastronomie, ses mets (viande, l\u00e9gumes, p\u00e2tisseries) et ses ustensiles (assiettes, plats) en douzi\u00e8me \u00e9chelle, expos\u00e9 \u00e0 plusieurs salons, publi\u00e9 un livre de miniatures \u00ab de retour du march\u00e9 \u00bb. Puis j\u2019ai eu mes deux enfants, et apr\u00e8s une pause n\u00e9cessaire attendant qu\u2019ils aient suffisamment grandi, je reprends avec cette premi\u00e8re expo de Paris en 2019.<\/p><hr class=\"wp-block-separator has-css-opacity\"\/><h4 class=\"wp-block-heading\">\u95dc\u65bc\u6211<\/h4><p>\u756b\u756b\u7f8e\u52de\u662f\u7ae5\u5e74\u6642\u4ee3\u6211\u7684\u6700\u611b\uff0c\u4e5f\u7d93\u5e38\u8ddf\u8457\u8001\u5e2b\u5011\u53c3\u52a0\u5beb\u751f\u6bd4\u8cfd\u3002\u5728\u90a3\u500b\u5e74\u4ee3\uff0c\u8001\u7238\u4e00\u76f4\u662f\u6211\u5fc3\u76ee\u4e2d\u7684\u82f1\u96c4\uff0c\u4ed6\u6559\u7d66\u6211\u5f88\u591a\u624b\u4f5c\u7684\u9ede\u5b50\u3002\u570b\u4e2d\u9ad8\u4e2d\u6642\u4ee3\uff0c\u6211\u958b\u59cb\u58d3\u82b1\uff0c\u5347\u9ad8\u4e2d\u7684\u6691\u5047\u6211\u548c\u59ca\u59ca\u7d93\u5e38\u642d\u516c\u8eca\u524d\u5f80\u53f0\u5317\u4e2d\u5c71\u5317\u8def\u7684\u65e5\u672c\u624d\u85dd\u6559\u5ba4\uff0c\u5979\u5b78\u7d19\u7c98\u571f\uff0c\u6211\u505a\u9eb5\u5305\u82b1\u3002\u96d6\u7136\u5abd\u5abd\u81f3\u59cb\u81f3\u7d42\u90fd\u652f\u6301\u6211\u5011\uff0c\u4f46\u56e0\u70ba\u5347\u5b78\u58d3\u529b\uff0c\u5927\u7d04\u5341\u516d\u6b72\u5de6\u53f3\u6211\u505c\u6b62\u4e86\u624b\u4f5c\uff0c\u5fc3\u4e2d\u59cb\u7d42\u6709\u584a\u7a7a\u7f3a\u7121\u6cd5\u5272\u6368\uff0c\u4e5f\u5c31\u5076\u723e\u505a\u505a\u79ae\u54c1\u5305\u88dd\uff0c\u95b1\u8b80\u76f8\u95dc\u624b\u4f5c\u96dc\u8a8c\u66f8\u7c4d\u505a\u70ba\u6392\u9063\u3002<\/p><p>2007\u5e74\u96e2\u8077\uff0c\u8ddf\u8457\u6211\u7684\u6cd5\u7c4d\u4e08\u592b\u5f9e\u53f0\u5317\u79fb\u5c45\u6cd5\u570b\u666e\u7f85\u65fa\u65af\u3002\u56e0\u70ba\u516c\u5a46\u89aa\u621a\u90fd\u5728\u5df4\u9ece\u51e1\u723e\u8cfd\u4e00\u5e36\uff0c\u6211\u4e5f\u56e0\u6b64\u7d93\u5e38\u5317\u4e0a\u3002\u6cd5\u5f0f\u6587\u5316\u5efa\u7bc9\u53ca\u85dd\u8853\u5e36\u7d66\u6211\u7121\u6bd4\u7684\u9707\u64bc\u8207\u9748\u611f\u3002\u5a46\u5a46\u6559\u6211\u6253\u6bdb\u7dda\u505a\u857e\u7d72\u3002\u516c\u516c\u662f\u98db\u6a5f\u6a21\u578b\u8eca\u611b\u597d\u8005\u3002\u5728\u4ed6\u7684\u5de5\u4f5c\u5ba4\u88e1\u6709\u597d\u591a\u5de5\u5177\u8207\u6750\u6599\u3002\u6bcf\u6b21\u7684\u62dc\u8a2a\u90fd\u8b93\u6211\u5927\u958b\u773c\u754c\u3002<\/p><p>2009\u5e74\u6211\u6b63\u5f0f\u8e0f\u5165\u8896\u73cd\u5275\u4f5c\u4e4b\u8def\u3002\u4e00\u958b\u59cb\u5f9e\u6cd5\u5f0f\u751c\u9ede\u8d77\u6b65\uff0c\u9678\u7e8c\u88fd\u4f5c\u9910\u76e4\uff0c\u8089\u985e\u852c\u679c\uff0c\u9032\u800c\u958b\u59cb\u9ecf\u571f\u82b1\u5349\u7684\u5275\u4f5c\u3002\u671f\u9593\u9678\u7e8c\u53c3\u52a0\u6b50\u6d32\u77e5\u540d\u8896\u73cd\u5c55\uff0c2012\u5e74\u6625\u5929\uff0c\u7b2c\u4e00\u672c\u8edf\u9676\u624b\u4f5c\u66f8&#8221;de retour du march\u00e9, \u5f9e\u5e02\u5834\u56de\u4f86&#8221;\u6b63\u5f0f\u51fa\u7248\u3002\u5f8c\u56e0\u70ba\u591a\u4e86\u5169\u679a\u5c0f\u53ef\u611b\uff0c\u66ab\u9000\u7d04\u516d\u5e74\u7684\u6642\u9593\u30022019\u5e74\u6625\u5929\uff0c\u6c7a\u5b9a\u91cd\u65b0\u6295\u5165\u81ea\u5df1\u6700\u611b\u7684\u85dd\u8853\u5275\u4f5c\u5929\u5730\uff0c\u7b2c\u4e00\u5c55\u57282019\u516d\u6708\u5df4\u9ece\u8209\u884c\u3002<\/p><hr class=\"wp-block-separator has-css-opacity\"\/><h4 class=\"wp-block-heading\">\u81ea\u5df1\u7d39\u4ecb<\/h4><p>\u30da\u30da\u30a4\u30a6\u30a7\u30f3\u3000\u30d7\u30c1\u30b0\u30e9\u30f3\u306f\u7d4c\u55b6\u8005\u3068\u3057\u3066\u3082\u5168\u5546\u54c1\u306e\u30c7\u30b6\u30a4\u30ca\u30fc\u3002\u53f0\u6e7e\u51fa\u8eab\u3001\u30d5\u30e9\u30f3\u30b9\u5ac1\u3001\u73fe\u5728\u30d5\u30e9\u30f3\u30b9\u5357\u90e8\u30cb\u30e0\u306b\u5728\u4f4f\u3002\u30c9\u30fc\u30eb\u30cf\u30a6\u30b9\u30df\u30cb\u30c1\u30e5\u30a2\u3092\u8d77\u696d\u3001\u4f5c\u54c1\u304c\u304a\u82b1\u3001\u98df\u5668\u3001\u98df\u6750\u3001\u751f\u6d3b\u7528\u54c1\uff08\u5927\u304d\u3055\u306f1\u30a4\u30f3\u30c1\u4ee5\u5185\uff09\u306a\u3069\u3092\u5e45\u5e83\u304f\u5c55\u958b\u3057\u3066\u3044\u308b\u3002\u4e16\u754c\u5404\u5730\u3078\u983b\u7e41\u306b\u51fa\u5c55\u3001\u30d5\u30e9\u30f3\u30b9\u56fd\u5185\u30df\u30cb\u30c1\u30e5\u30a2\u5c08\u9580\u8a8c(de retour du march\u00e9)\u306b\u3082\u6570\u56de\u4f5c\u54c1\u3092\u767b\u8f09\u3055\u308c\u3066\u3044\u308b\u3002\u73fe\u5728\u3001\u5f6b\u523b\u3001\u6210\u5f62\u3001\u6eb6\u63a5\u306a\u3069\u306e\u6280\u8853\u3092\u5b66\u3076\u3002\u307e\u305f\u30013D\u30b6\u30a4\u30f3\u3082\u4e0a\u8a18\u7d4c\u9a13\u3092\u6d3b\u304b\u3057\u30013D\u30d7\u30ea\u30f3\u30c8\u65b0\u4f5c\u54c1\u3092\u958b\u767a\u4e2d<\/p><p><\/p><div class=\"n2-section-smartslider fitvidsignore  n2_clear\" data-ssid=\"4\" tabindex=\"0\" role=\"region\" aria-label=\"Slider\"><div id=\"n2-ss-4-align\" class=\"n2-ss-align\"><div class=\"n2-padding\"><div id=\"n2-ss-4\" data-creator=\"Smart Slider 3\" data-responsive=\"auto\" class=\"n2-ss-slider n2-ow n2-has-hover n2notransition  \"><div class=\"n2-ss-slider-wrapper-inside\">\n        <div class=\"n2-ss-slider-1 n2_ss__touch_element n2-ow\">\n            <div class=\"n2-ss-slider-2 n2-ow\">\n                                                <div class=\"n2-ss-slider-3 n2-ow\">\n\n                    <div class=\"n2-ss-slide-backgrounds n2-ow-all\"><div class=\"n2-ss-slide-background\" data-public-id=\"1\" data-mode=\"fill\"><div class=\"n2-ss-slide-background-image\" data-blur=\"0\" data-opacity=\"100\" data-x=\"50\" data-y=\"50\" data-alt=\"\" data-title=\"\"><picture class=\"skip-lazy jetpack-lazy-image\" data-skip-lazy=\"1\"><img decoding=\"async\" src=\"\/\/www.oiseaudenim.com\/wp-content\/uploads\/2020\/11\/Atelier1-1180.jpg\" alt=\"\" title=\"\" loading=\"lazy\" class=\"skip-lazy jetpack-lazy-image\" data-skip-lazy=\"1\"><\/picture><\/div><div data-color=\"RGBA(255,255,255,0)\" style=\"background-color: RGBA(255,255,255,0);\" class=\"n2-ss-slide-background-color\"><\/div><\/div><div class=\"n2-ss-slide-background\" data-public-id=\"2\" data-mode=\"fill\"><div class=\"n2-ss-slide-background-image\" data-blur=\"0\" data-opacity=\"100\" data-x=\"50\" data-y=\"50\" data-alt=\"\" data-title=\"\"><picture class=\"skip-lazy jetpack-lazy-image\" data-skip-lazy=\"1\"><img decoding=\"async\" src=\"\/\/www.oiseaudenim.com\/wp-content\/uploads\/2020\/11\/PHO_6397-1180.jpg\" alt=\"\" title=\"\" loading=\"lazy\" class=\"skip-lazy jetpack-lazy-image\" data-skip-lazy=\"1\"><\/picture><\/div><div data-color=\"RGBA(255,255,255,0)\" style=\"background-color: RGBA(255,255,255,0);\" class=\"n2-ss-slide-background-color\"><\/div><\/div><\/div>                    <div class=\"n2-ss-slider-4 n2-ow\">\n                        <svg xmlns=\"http:\/\/www.w3.org\/2000\/svg\" viewBox=\"0 0 1200 600\" data-related-device=\"desktopPortrait\" class=\"n2-ow n2-ss-preserve-size n2-ss-preserve-size--slider n2-ss-slide-limiter\"><\/svg><div data-first=\"1\" data-slide-duration=\"0\" data-id=\"18\" data-slide-public-id=\"1\" data-title=\"Atelier1-1180\" class=\"n2-ss-slide n2-ow  n2-ss-slide-18\"><div role=\"note\" class=\"n2-ss-slide--focus\" tabindex=\"-1\">Atelier1-1180<\/div><div class=\"n2-ss-layers-container n2-ss-slide-limiter n2-ow\"><div class=\"n2-ss-layer n2-ow n-uc-2W2UvmWneYLv\" data-sstype=\"slide\" data-pm=\"default\"><\/div><\/div><\/div><div data-slide-duration=\"0\" data-id=\"19\" data-slide-public-id=\"2\" data-title=\"PHO_6397-1180\" class=\"n2-ss-slide n2-ow  n2-ss-slide-19\"><div role=\"note\" class=\"n2-ss-slide--focus\" tabindex=\"-1\">PHO_6397-1180<\/div><div class=\"n2-ss-layers-container n2-ss-slide-limiter n2-ow\"><div class=\"n2-ss-layer n2-ow n-uc-Crrci6VQoF8w\" data-sstype=\"slide\" data-pm=\"default\"><\/div><\/div><\/div>                    <\/div>\n\n                                    <\/div>\n            <\/div>\n        <\/div>\n        <div class=\"n2-ss-slider-controls n2-ss-slider-controls-absolute-left-center\"><div style=\"--widget-offset:15px;\" class=\"n2-ss-widget nextend-arrow n2-ow-all nextend-arrow-previous  nextend-arrow-animated-fade\" data-hide-mobileportrait=\"1\" id=\"n2-ss-4-arrow-previous\" role=\"button\" aria-label=\"previous arrow\" tabindex=\"0\"><img loading=\"lazy\" decoding=\"async\" width=\"32\" height=\"32\" class=\"skip-lazy jetpack-lazy-image\" data-skip-lazy=\"1\" src=\"data:image\/svg+xml;base64,PHN2ZyB3aWR0aD0iMzIiIGhlaWdodD0iMzIiIHZpZXdCb3g9IjAgMCAzMiAzMiIgeG1sbnM9Imh0dHA6Ly93d3cudzMub3JnLzIwMDAvc3ZnIj4KICAgIDxwYXRoIGQ9Ik0xMS40MzMgMTUuOTkyTDIyLjY5IDUuNzEyYy4zOTMtLjM5LjM5My0xLjAzIDAtMS40Mi0uMzkzLS4zOS0xLjAzLS4zOS0xLjQyMyAwbC0xMS45OCAxMC45NGMtLjIxLjIxLS4zLjQ5LS4yODUuNzYtLjAxNS4yOC4wNzUuNTYuMjg0Ljc3bDExLjk4IDEwLjk0Yy4zOTMuMzkgMS4wMy4zOSAxLjQyNCAwIC4zOTMtLjQuMzkzLTEuMDMgMC0xLjQybC0xMS4yNTctMTAuMjkiCiAgICAgICAgICBmaWxsPSIjZmZmZmZmIiBvcGFjaXR5PSIwLjgiIGZpbGwtcnVsZT0iZXZlbm9kZCIvPgo8L3N2Zz4=\" alt=\"previous arrow\"><\/div><\/div><div class=\"n2-ss-slider-controls n2-ss-slider-controls-absolute-right-center\"><div style=\"--widget-offset:15px;\" class=\"n2-ss-widget nextend-arrow n2-ow-all nextend-arrow-next  nextend-arrow-animated-fade\" data-hide-mobileportrait=\"1\" id=\"n2-ss-4-arrow-next\" role=\"button\" aria-label=\"next arrow\" tabindex=\"0\"><img loading=\"lazy\" decoding=\"async\" width=\"32\" height=\"32\" class=\"skip-lazy jetpack-lazy-image\" data-skip-lazy=\"1\" src=\"data:image\/svg+xml;base64,PHN2ZyB3aWR0aD0iMzIiIGhlaWdodD0iMzIiIHZpZXdCb3g9IjAgMCAzMiAzMiIgeG1sbnM9Imh0dHA6Ly93d3cudzMub3JnLzIwMDAvc3ZnIj4KICAgIDxwYXRoIGQ9Ik0xMC43MjIgNC4yOTNjLS4zOTQtLjM5LTEuMDMyLS4zOS0xLjQyNyAwLS4zOTMuMzktLjM5MyAxLjAzIDAgMS40MmwxMS4yODMgMTAuMjgtMTEuMjgzIDEwLjI5Yy0uMzkzLjM5LS4zOTMgMS4wMiAwIDEuNDIuMzk1LjM5IDEuMDMzLjM5IDEuNDI3IDBsMTIuMDA3LTEwLjk0Yy4yMS0uMjEuMy0uNDkuMjg0LS43Ny4wMTQtLjI3LS4wNzYtLjU1LS4yODYtLjc2TDEwLjcyIDQuMjkzeiIKICAgICAgICAgIGZpbGw9IiNmZmZmZmYiIG9wYWNpdHk9IjAuOCIgZmlsbC1ydWxlPSJldmVub2RkIi8+Cjwvc3ZnPg==\" alt=\"next arrow\"><\/div><\/div><\/div><\/div><ss3-loader><\/ss3-loader><\/div><\/div><div class=\"n2_clear\"><\/div><\/div>","protected":false},"excerpt":{"rendered":"<p>Peiwen PETITGRAND Peiwen Petitgrand is the designer, the creator and the owner of Oiseau deNim Miniatures.She is from Taiwan and living in France.In 2012, she started her first dollhouse miniature [&hellip;]<\/p>\n","protected":false},"author":2,"featured_media":0,"parent":0,"menu_order":0,"comment_status":"closed","ping_status":"closed","template":"templates\/about.php","meta":{"_genesis_hide_title":false,"_genesis_hide_breadcrumbs":false,"_genesis_hide_singular_image":false,"_genesis_hide_footer_widgets":false,"_genesis_custom_body_class":"","_genesis_custom_post_class":"","_genesis_layout":"full-width-content","footnotes":""},"class_list":["post-406","page","type-page","status-publish","entry"],"yoast_head":"<!-- This site is optimized with the Yoast SEO plugin v25.1 - https:\/\/yoast.com\/wordpress\/plugins\/seo\/ -->\n<title>About - Oiseau deNim Miniatures<\/title>\n<meta name=\"description\" content=\"The designer of Oiseau deNim Miniatures, Peiwen PETITGRAND, has started to work on dollhouse miniature projects, including the works of flowers, gastronomy, some dishes (meat, vegetables, pastries) and some utensils (plates, dishes), which have been exposed to several exhibitions, and she published in the book of miniatures \u00abde retour du march\u00e9 &gt; in 2012, After a necessary break, she resumes with this first exhibition in Paris in Juin in 2019.\" \/>\n<meta name=\"robots\" content=\"index, follow, max-snippet:-1, max-image-preview:large, max-video-preview:-1\" \/>\n<link rel=\"canonical\" href=\"https:\/\/www.oiseaudenim.com\/?page_id=406\" \/>\n<meta property=\"og:locale\" content=\"en_US\" \/>\n<meta property=\"og:type\" content=\"article\" \/>\n<meta property=\"og:title\" content=\"About - Oiseau deNim Miniatures\" \/>\n<meta property=\"og:description\" content=\"The designer of Oiseau deNim Miniatures, Peiwen PETITGRAND, has started to work on dollhouse miniature projects, including the works of flowers, gastronomy, some dishes (meat, vegetables, pastries) and some utensils (plates, dishes), which have been exposed to several exhibitions, and she published in the book of miniatures \u00abde retour du march\u00e9 &gt; in 2012, After a necessary break, she resumes with this first exhibition in Paris in Juin in 2019.\" \/>\n<meta property=\"og:url\" content=\"https:\/\/www.oiseaudenim.com\/?page_id=406\" \/>\n<meta property=\"og:site_name\" content=\"Oiseau deNim Miniatures\" \/>\n<meta property=\"article:publisher\" content=\"https:\/\/www.facebook.com\/peiwen.petitgrand.3\" \/>\n<meta property=\"article:modified_time\" content=\"2025-05-24T12:04:18+00:00\" \/>\n<meta property=\"og:image\" content=\"https:\/\/www.oiseaudenim.com\/wp-content\/uploads\/2020\/11\/PHO_6591-590-1.jpg\" \/>\n<meta name=\"twitter:card\" content=\"summary_large_image\" \/>\n<meta name=\"twitter:label1\" content=\"Est. reading time\" \/>\n\t<meta name=\"twitter:data1\" content=\"2 minutes\" \/>\n<script type=\"application\/ld+json\" class=\"yoast-schema-graph\">{\"@context\":\"https:\/\/schema.org\",\"@graph\":[{\"@type\":\"WebPage\",\"@id\":\"https:\/\/www.oiseaudenim.com\/?page_id=406\",\"url\":\"https:\/\/www.oiseaudenim.com\/?page_id=406\",\"name\":\"About - Oiseau deNim Miniatures\",\"isPartOf\":{\"@id\":\"https:\/\/www.oiseaudenim.com\/#website\"},\"primaryImageOfPage\":{\"@id\":\"https:\/\/www.oiseaudenim.com\/?page_id=406#primaryimage\"},\"image\":{\"@id\":\"https:\/\/www.oiseaudenim.com\/?page_id=406#primaryimage\"},\"thumbnailUrl\":\"https:\/\/www.oiseaudenim.com\/wp-content\/uploads\/2020\/11\/PHO_6591-590-1.jpg\",\"datePublished\":\"2020-05-23T17:04:52+00:00\",\"dateModified\":\"2025-05-24T12:04:18+00:00\",\"description\":\"The designer of Oiseau deNim Miniatures, Peiwen PETITGRAND, has started to work on dollhouse miniature projects, including the works of flowers, gastronomy, some dishes (meat, vegetables, pastries) and some utensils (plates, dishes), which have been exposed to several exhibitions, and she published in the book of miniatures \u00abde retour du march\u00e9 > in 2012, After a necessary break, she resumes with this first exhibition in Paris in Juin in 2019.\",\"breadcrumb\":{\"@id\":\"https:\/\/www.oiseaudenim.com\/?page_id=406#breadcrumb\"},\"inLanguage\":\"en-US\",\"potentialAction\":[{\"@type\":\"ReadAction\",\"target\":[\"https:\/\/www.oiseaudenim.com\/?page_id=406\"]}]},{\"@type\":\"ImageObject\",\"inLanguage\":\"en-US\",\"@id\":\"https:\/\/www.oiseaudenim.com\/?page_id=406#primaryimage\",\"url\":\"https:\/\/i0.wp.com\/www.oiseaudenim.com\/wp-content\/uploads\/2020\/11\/PHO_6591-590-1.jpg?fit=590%2C889&ssl=1\",\"contentUrl\":\"https:\/\/i0.wp.com\/www.oiseaudenim.com\/wp-content\/uploads\/2020\/11\/PHO_6591-590-1.jpg?fit=590%2C889&ssl=1\",\"width\":590,\"height\":889},{\"@type\":\"BreadcrumbList\",\"@id\":\"https:\/\/www.oiseaudenim.com\/?page_id=406#breadcrumb\",\"itemListElement\":[{\"@type\":\"ListItem\",\"position\":1,\"name\":\"Home\",\"item\":\"https:\/\/www.oiseaudenim.com\/\"},{\"@type\":\"ListItem\",\"position\":2,\"name\":\"About\"}]},{\"@type\":\"WebSite\",\"@id\":\"https:\/\/www.oiseaudenim.com\/#website\",\"url\":\"https:\/\/www.oiseaudenim.com\/\",\"name\":\"Oiseau deNim Miniatures\",\"description\":\"Art Sculptures &amp; Dollshouse Miniatures\",\"publisher\":{\"@id\":\"https:\/\/www.oiseaudenim.com\/#organization\"},\"potentialAction\":[{\"@type\":\"SearchAction\",\"target\":{\"@type\":\"EntryPoint\",\"urlTemplate\":\"https:\/\/www.oiseaudenim.com\/?s={search_term_string}\"},\"query-input\":{\"@type\":\"PropertyValueSpecification\",\"valueRequired\":true,\"valueName\":\"search_term_string\"}}],\"inLanguage\":\"en-US\"},{\"@type\":\"Organization\",\"@id\":\"https:\/\/www.oiseaudenim.com\/#organization\",\"name\":\"Oiseau deNim Miniatures\",\"url\":\"https:\/\/www.oiseaudenim.com\/\",\"logo\":{\"@type\":\"ImageObject\",\"inLanguage\":\"en-US\",\"@id\":\"https:\/\/www.oiseaudenim.com\/#\/schema\/logo\/image\/\",\"url\":\"https:\/\/i0.wp.com\/www.oiseaudenim.com\/wp-content\/uploads\/2020\/05\/cropped-logo-1.png?fit=512%2C512&ssl=1\",\"contentUrl\":\"https:\/\/i0.wp.com\/www.oiseaudenim.com\/wp-content\/uploads\/2020\/05\/cropped-logo-1.png?fit=512%2C512&ssl=1\",\"width\":512,\"height\":512,\"caption\":\"Oiseau deNim Miniatures\"},\"image\":{\"@id\":\"https:\/\/www.oiseaudenim.com\/#\/schema\/logo\/image\/\"},\"sameAs\":[\"https:\/\/www.facebook.com\/peiwen.petitgrand.3\",\"https:\/\/www.instagram.com\/peiwenpetitgrand\"]}]}<\/script>\n<!-- \/ Yoast SEO plugin. -->","yoast_head_json":{"title":"About - Oiseau deNim Miniatures","description":"The designer of Oiseau deNim Miniatures, Peiwen PETITGRAND, has started to work on dollhouse miniature projects, including the works of flowers, gastronomy, some dishes (meat, vegetables, pastries) and some utensils (plates, dishes), which have been exposed to several exhibitions, and she published in the book of miniatures \u00abde retour du march\u00e9 > in 2012, After a necessary break, she resumes with this first exhibition in Paris in Juin in 2019.","robots":{"index":"index","follow":"follow","max-snippet":"max-snippet:-1","max-image-preview":"max-image-preview:large","max-video-preview":"max-video-preview:-1"},"canonical":"https:\/\/www.oiseaudenim.com\/?page_id=406","og_locale":"en_US","og_type":"article","og_title":"About - Oiseau deNim Miniatures","og_description":"The designer of Oiseau deNim Miniatures, Peiwen PETITGRAND, has started to work on dollhouse miniature projects, including the works of flowers, gastronomy, some dishes (meat, vegetables, pastries) and some utensils (plates, dishes), which have been exposed to several exhibitions, and she published in the book of miniatures \u00abde retour du march\u00e9 > in 2012, After a necessary break, she resumes with this first exhibition in Paris in Juin in 2019.","og_url":"https:\/\/www.oiseaudenim.com\/?page_id=406","og_site_name":"Oiseau deNim Miniatures","article_publisher":"https:\/\/www.facebook.com\/peiwen.petitgrand.3","article_modified_time":"2025-05-24T12:04:18+00:00","og_image":[{"url":"https:\/\/www.oiseaudenim.com\/wp-content\/uploads\/2020\/11\/PHO_6591-590-1.jpg","type":"","width":"","height":""}],"twitter_card":"summary_large_image","twitter_misc":{"Est. reading time":"2 minutes"},"schema":{"@context":"https:\/\/schema.org","@graph":[{"@type":"WebPage","@id":"https:\/\/www.oiseaudenim.com\/?page_id=406","url":"https:\/\/www.oiseaudenim.com\/?page_id=406","name":"About - Oiseau deNim Miniatures","isPartOf":{"@id":"https:\/\/www.oiseaudenim.com\/#website"},"primaryImageOfPage":{"@id":"https:\/\/www.oiseaudenim.com\/?page_id=406#primaryimage"},"image":{"@id":"https:\/\/www.oiseaudenim.com\/?page_id=406#primaryimage"},"thumbnailUrl":"https:\/\/www.oiseaudenim.com\/wp-content\/uploads\/2020\/11\/PHO_6591-590-1.jpg","datePublished":"2020-05-23T17:04:52+00:00","dateModified":"2025-05-24T12:04:18+00:00","description":"The designer of Oiseau deNim Miniatures, Peiwen PETITGRAND, has started to work on dollhouse miniature projects, including the works of flowers, gastronomy, some dishes (meat, vegetables, pastries) and some utensils (plates, dishes), which have been exposed to several exhibitions, and she published in the book of miniatures \u00abde retour du march\u00e9 > in 2012, After a necessary break, she resumes with this first exhibition in Paris in Juin in 2019.","breadcrumb":{"@id":"https:\/\/www.oiseaudenim.com\/?page_id=406#breadcrumb"},"inLanguage":"en-US","potentialAction":[{"@type":"ReadAction","target":["https:\/\/www.oiseaudenim.com\/?page_id=406"]}]},{"@type":"ImageObject","inLanguage":"en-US","@id":"https:\/\/www.oiseaudenim.com\/?page_id=406#primaryimage","url":"https:\/\/i0.wp.com\/www.oiseaudenim.com\/wp-content\/uploads\/2020\/11\/PHO_6591-590-1.jpg?fit=590%2C889&ssl=1","contentUrl":"https:\/\/i0.wp.com\/www.oiseaudenim.com\/wp-content\/uploads\/2020\/11\/PHO_6591-590-1.jpg?fit=590%2C889&ssl=1","width":590,"height":889},{"@type":"BreadcrumbList","@id":"https:\/\/www.oiseaudenim.com\/?page_id=406#breadcrumb","itemListElement":[{"@type":"ListItem","position":1,"name":"Home","item":"https:\/\/www.oiseaudenim.com\/"},{"@type":"ListItem","position":2,"name":"About"}]},{"@type":"WebSite","@id":"https:\/\/www.oiseaudenim.com\/#website","url":"https:\/\/www.oiseaudenim.com\/","name":"Oiseau deNim Miniatures","description":"Art Sculptures &amp; Dollshouse Miniatures","publisher":{"@id":"https:\/\/www.oiseaudenim.com\/#organization"},"potentialAction":[{"@type":"SearchAction","target":{"@type":"EntryPoint","urlTemplate":"https:\/\/www.oiseaudenim.com\/?s={search_term_string}"},"query-input":{"@type":"PropertyValueSpecification","valueRequired":true,"valueName":"search_term_string"}}],"inLanguage":"en-US"},{"@type":"Organization","@id":"https:\/\/www.oiseaudenim.com\/#organization","name":"Oiseau deNim Miniatures","url":"https:\/\/www.oiseaudenim.com\/","logo":{"@type":"ImageObject","inLanguage":"en-US","@id":"https:\/\/www.oiseaudenim.com\/#\/schema\/logo\/image\/","url":"https:\/\/i0.wp.com\/www.oiseaudenim.com\/wp-content\/uploads\/2020\/05\/cropped-logo-1.png?fit=512%2C512&ssl=1","contentUrl":"https:\/\/i0.wp.com\/www.oiseaudenim.com\/wp-content\/uploads\/2020\/05\/cropped-logo-1.png?fit=512%2C512&ssl=1","width":512,"height":512,"caption":"Oiseau deNim Miniatures"},"image":{"@id":"https:\/\/www.oiseaudenim.com\/#\/schema\/logo\/image\/"},"sameAs":["https:\/\/www.facebook.com\/peiwen.petitgrand.3","https:\/\/www.instagram.com\/peiwenpetitgrand"]}]}},"jetpack-related-posts":[],"jetpack_sharing_enabled":true,"_links":{"self":[{"href":"https:\/\/www.oiseaudenim.com\/index.php?rest_route=\/wp\/v2\/pages\/406","targetHints":{"allow":["GET"]}}],"collection":[{"href":"https:\/\/www.oiseaudenim.com\/index.php?rest_route=\/wp\/v2\/pages"}],"about":[{"href":"https:\/\/www.oiseaudenim.com\/index.php?rest_route=\/wp\/v2\/types\/page"}],"author":[{"embeddable":true,"href":"https:\/\/www.oiseaudenim.com\/index.php?rest_route=\/wp\/v2\/users\/2"}],"replies":[{"embeddable":true,"href":"https:\/\/www.oiseaudenim.com\/index.php?rest_route=%2Fwp%2Fv2%2Fcomments&post=406"}],"version-history":[{"count":13,"href":"https:\/\/www.oiseaudenim.com\/index.php?rest_route=\/wp\/v2\/pages\/406\/revisions"}],"predecessor-version":[{"id":9392,"href":"https:\/\/www.oiseaudenim.com\/index.php?rest_route=\/wp\/v2\/pages\/406\/revisions\/9392"}],"wp:attachment":[{"href":"https:\/\/www.oiseaudenim.com\/index.php?rest_route=%2Fwp%2Fv2%2Fmedia&parent=406"}],"curies":[{"name":"wp","href":"https:\/\/api.w.org\/{rel}","templated":true}]}}