{"id":4062,"date":"2021-02-10T23:48:45","date_gmt":"2021-02-10T22:48:45","guid":{"rendered":"https:\/\/www.oiseaudenim.com\/?page_id=4062"},"modified":"2021-02-11T00:44:49","modified_gmt":"2021-02-10T23:44:49","slug":"informations-legales","status":"publish","type":"page","link":"https:\/\/www.oiseaudenim.com\/?page_id=4062","title":{"rendered":"Mentions L\u00e9gales"},"content":{"rendered":"<h3 class=\"wp-block-heading\">Pr\u00e9sentation du site<\/h3><p>En vertu de l&#8217;article 6 de la loi n\u00b0 2004-575 du 21 juin 2004 pour la confiance dans l&#8217;\u00e9conomie num\u00e9rique, il est pr\u00e9cis\u00e9 aux utilisateurs du site oiseaudenim.com l&#8217;identit\u00e9 des diff\u00e9rents intervenants dans le cadre de sa r\u00e9alisation et de son suivi :<br><br>Propri\u00e9taire : Oiseau deNim Miniatures EIRL\u2013 19 Rue des Tonneliers, 30132 Caissargues, Occitanie, France<br>SIRET: 89284116400015<br>TVA Intracommunautaire: FR36892841164<br><br>Cr\u00e9atrice : Peiwen PETITGRAND<br><br>Responsable publication : Peiwen PETITGRAND \u2013 oiseaudenim@gmail.com<br>Le responsable publication est une personne physique ou une personne morale.<br><br>Webmaster : Peiwen PETITGRAND \u2013 oiseaudenim@gmail.com<br><br>H\u00e9bergeur : 5 Telok blangah crescent #11-444, Singapore 090005<br>Responsable: Kiffer CHUANG \u2013 kiffer.chuang@gmail.com<br><br>Cr\u00e9dits : les mentions l\u00e9gales ont \u00e9t\u00e9 g\u00e9n\u00e9r\u00e9es et offertes par <a rel=\"noreferrer noopener\" href=\"https:\/\/www.subdelirium.com\/generateur-de-mentions-legales\/\" target=\"_blank\">Subdelirium G\u00e9n\u00e9rateur de mentions l\u00e9gales<\/a><\/p><div class=\"wp-block-columns is-layout-flex wp-container-core-columns-is-layout-9d6595d7 wp-block-columns-is-layout-flex\"><div class=\"wp-block-column is-layout-flow wp-block-column-is-layout-flow\"><\/div>\n\n<div class=\"wp-block-column is-layout-flow wp-block-column-is-layout-flow\"><figure class=\"wp-block-image size-large\"><a href=\"https:\/\/www.oiseaudenim.com\/?post_type=product\"><img data-recalc-dims=\"1\" loading=\"lazy\" decoding=\"async\" width=\"719\" height=\"719\" src=\"https:\/\/i0.wp.com\/www.oiseaudenim.com\/wp-content\/uploads\/2020\/12\/Boutique-etiquette-60mm-Or.png?resize=719%2C719&#038;ssl=1\" alt=\"\" class=\"wp-image-3824\" srcset=\"https:\/\/i0.wp.com\/www.oiseaudenim.com\/wp-content\/uploads\/2020\/12\/Boutique-etiquette-60mm-Or.png?w=719&amp;ssl=1 719w, https:\/\/i0.wp.com\/www.oiseaudenim.com\/wp-content\/uploads\/2020\/12\/Boutique-etiquette-60mm-Or.png?resize=300%2C300&amp;ssl=1 300w, https:\/\/i0.wp.com\/www.oiseaudenim.com\/wp-content\/uploads\/2020\/12\/Boutique-etiquette-60mm-Or.png?resize=150%2C150&amp;ssl=1 150w, https:\/\/i0.wp.com\/www.oiseaudenim.com\/wp-content\/uploads\/2020\/12\/Boutique-etiquette-60mm-Or.png?resize=500%2C500&amp;ssl=1 500w\" sizes=\"auto, (max-width: 719px) 100vw, 719px\" \/><\/a><\/figure><\/div>\n\n<div class=\"wp-block-column is-layout-flow wp-block-column-is-layout-flow\"><\/div><\/div>","protected":false},"excerpt":{"rendered":"<p>Pr\u00e9sentation du site En vertu de l&#8217;article 6 de la loi n\u00b0 2004-575 du 21 juin 2004 pour la confiance dans l&#8217;\u00e9conomie num\u00e9rique, il est pr\u00e9cis\u00e9 aux utilisateurs du site [&hellip;]<\/p>\n","protected":false},"author":2,"featured_media":0,"parent":0,"menu_order":0,"comment_status":"closed","ping_status":"closed","template":"templates\/landing.php","meta":{"_genesis_hide_title":false,"_genesis_hide_breadcrumbs":false,"_genesis_hide_singular_image":false,"_genesis_hide_footer_widgets":false,"_genesis_custom_body_class":"","_genesis_custom_post_class":"","_genesis_layout":"","footnotes":""},"class_list":["post-4062","page","type-page","status-publish","entry"],"yoast_head":"<!-- This site is optimized with the Yoast SEO plugin v25.1 - https:\/\/yoast.com\/wordpress\/plugins\/seo\/ -->\n<title>Mentions L\u00e9gales - Oiseau deNim Miniatures<\/title>\n<meta name=\"robots\" content=\"index, follow, max-snippet:-1, max-image-preview:large, max-video-preview:-1\" \/>\n<link rel=\"canonical\" href=\"https:\/\/www.oiseaudenim.com\/?page_id=4062\" \/>\n<meta property=\"og:locale\" content=\"en_US\" \/>\n<meta property=\"og:type\" content=\"article\" \/>\n<meta property=\"og:title\" content=\"Mentions L\u00e9gales - Oiseau deNim Miniatures\" \/>\n<meta property=\"og:description\" content=\"Pr\u00e9sentation du site En vertu de l&#8217;article 6 de la loi n\u00b0 2004-575 du 21 juin 2004 pour la confiance dans l&#8217;\u00e9conomie num\u00e9rique, il est pr\u00e9cis\u00e9 aux utilisateurs du site [&hellip;]\" \/>\n<meta property=\"og:url\" content=\"https:\/\/www.oiseaudenim.com\/?page_id=4062\" \/>\n<meta property=\"og:site_name\" content=\"Oiseau deNim Miniatures\" \/>\n<meta property=\"article:publisher\" content=\"https:\/\/www.facebook.com\/peiwen.petitgrand.3\" \/>\n<meta property=\"article:modified_time\" content=\"2021-02-10T23:44:49+00:00\" \/>\n<meta property=\"og:image\" content=\"https:\/\/www.oiseaudenim.com\/wp-content\/uploads\/2020\/12\/Boutique-etiquette-60mm-Or.png\" \/>\n<meta name=\"twitter:card\" content=\"summary_large_image\" \/>\n<meta name=\"twitter:label1\" content=\"Est. reading time\" \/>\n\t<meta name=\"twitter:data1\" content=\"1 minute\" \/>\n<script type=\"application\/ld+json\" class=\"yoast-schema-graph\">{\"@context\":\"https:\/\/schema.org\",\"@graph\":[{\"@type\":\"WebPage\",\"@id\":\"https:\/\/www.oiseaudenim.com\/?page_id=4062\",\"url\":\"https:\/\/www.oiseaudenim.com\/?page_id=4062\",\"name\":\"Mentions L\u00e9gales - Oiseau deNim Miniatures\",\"isPartOf\":{\"@id\":\"https:\/\/www.oiseaudenim.com\/#website\"},\"primaryImageOfPage\":{\"@id\":\"https:\/\/www.oiseaudenim.com\/?page_id=4062#primaryimage\"},\"image\":{\"@id\":\"https:\/\/www.oiseaudenim.com\/?page_id=4062#primaryimage\"},\"thumbnailUrl\":\"https:\/\/www.oiseaudenim.com\/wp-content\/uploads\/2020\/12\/Boutique-etiquette-60mm-Or.png\",\"datePublished\":\"2021-02-10T22:48:45+00:00\",\"dateModified\":\"2021-02-10T23:44:49+00:00\",\"breadcrumb\":{\"@id\":\"https:\/\/www.oiseaudenim.com\/?page_id=4062#breadcrumb\"},\"inLanguage\":\"en-US\",\"potentialAction\":[{\"@type\":\"ReadAction\",\"target\":[\"https:\/\/www.oiseaudenim.com\/?page_id=4062\"]}]},{\"@type\":\"ImageObject\",\"inLanguage\":\"en-US\",\"@id\":\"https:\/\/www.oiseaudenim.com\/?page_id=4062#primaryimage\",\"url\":\"https:\/\/i0.wp.com\/www.oiseaudenim.com\/wp-content\/uploads\/2020\/12\/Boutique-etiquette-60mm-Or.png?fit=719%2C719&ssl=1\",\"contentUrl\":\"https:\/\/i0.wp.com\/www.oiseaudenim.com\/wp-content\/uploads\/2020\/12\/Boutique-etiquette-60mm-Or.png?fit=719%2C719&ssl=1\",\"width\":719,\"height\":719},{\"@type\":\"BreadcrumbList\",\"@id\":\"https:\/\/www.oiseaudenim.com\/?page_id=4062#breadcrumb\",\"itemListElement\":[{\"@type\":\"ListItem\",\"position\":1,\"name\":\"Home\",\"item\":\"https:\/\/www.oiseaudenim.com\/\"},{\"@type\":\"ListItem\",\"position\":2,\"name\":\"Mentions L\u00e9gales\"}]},{\"@type\":\"WebSite\",\"@id\":\"https:\/\/www.oiseaudenim.com\/#website\",\"url\":\"https:\/\/www.oiseaudenim.com\/\",\"name\":\"Oiseau deNim Miniatures\",\"description\":\"Art Sculptures &amp; Dollshouse Miniatures\",\"publisher\":{\"@id\":\"https:\/\/www.oiseaudenim.com\/#organization\"},\"potentialAction\":[{\"@type\":\"SearchAction\",\"target\":{\"@type\":\"EntryPoint\",\"urlTemplate\":\"https:\/\/www.oiseaudenim.com\/?s={search_term_string}\"},\"query-input\":{\"@type\":\"PropertyValueSpecification\",\"valueRequired\":true,\"valueName\":\"search_term_string\"}}],\"inLanguage\":\"en-US\"},{\"@type\":\"Organization\",\"@id\":\"https:\/\/www.oiseaudenim.com\/#organization\",\"name\":\"Oiseau deNim Miniatures\",\"url\":\"https:\/\/www.oiseaudenim.com\/\",\"logo\":{\"@type\":\"ImageObject\",\"inLanguage\":\"en-US\",\"@id\":\"https:\/\/www.oiseaudenim.com\/#\/schema\/logo\/image\/\",\"url\":\"https:\/\/i0.wp.com\/www.oiseaudenim.com\/wp-content\/uploads\/2020\/05\/cropped-logo-1.png?fit=512%2C512&ssl=1\",\"contentUrl\":\"https:\/\/i0.wp.com\/www.oiseaudenim.com\/wp-content\/uploads\/2020\/05\/cropped-logo-1.png?fit=512%2C512&ssl=1\",\"width\":512,\"height\":512,\"caption\":\"Oiseau deNim Miniatures\"},\"image\":{\"@id\":\"https:\/\/www.oiseaudenim.com\/#\/schema\/logo\/image\/\"},\"sameAs\":[\"https:\/\/www.facebook.com\/peiwen.petitgrand.3\",\"https:\/\/www.instagram.com\/peiwenpetitgrand\"]}]}<\/script>\n<!-- \/ Yoast SEO plugin. -->","yoast_head_json":{"title":"Mentions L\u00e9gales - Oiseau deNim Miniatures","robots":{"index":"index","follow":"follow","max-snippet":"max-snippet:-1","max-image-preview":"max-image-preview:large","max-video-preview":"max-video-preview:-1"},"canonical":"https:\/\/www.oiseaudenim.com\/?page_id=4062","og_locale":"en_US","og_type":"article","og_title":"Mentions L\u00e9gales - Oiseau deNim Miniatures","og_description":"Pr\u00e9sentation du site En vertu de l&#8217;article 6 de la loi n\u00b0 2004-575 du 21 juin 2004 pour la confiance dans l&#8217;\u00e9conomie num\u00e9rique, il est pr\u00e9cis\u00e9 aux utilisateurs du site [&hellip;]","og_url":"https:\/\/www.oiseaudenim.com\/?page_id=4062","og_site_name":"Oiseau deNim Miniatures","article_publisher":"https:\/\/www.facebook.com\/peiwen.petitgrand.3","article_modified_time":"2021-02-10T23:44:49+00:00","og_image":[{"url":"https:\/\/www.oiseaudenim.com\/wp-content\/uploads\/2020\/12\/Boutique-etiquette-60mm-Or.png","type":"","width":"","height":""}],"twitter_card":"summary_large_image","twitter_misc":{"Est. reading time":"1 minute"},"schema":{"@context":"https:\/\/schema.org","@graph":[{"@type":"WebPage","@id":"https:\/\/www.oiseaudenim.com\/?page_id=4062","url":"https:\/\/www.oiseaudenim.com\/?page_id=4062","name":"Mentions L\u00e9gales - Oiseau deNim Miniatures","isPartOf":{"@id":"https:\/\/www.oiseaudenim.com\/#website"},"primaryImageOfPage":{"@id":"https:\/\/www.oiseaudenim.com\/?page_id=4062#primaryimage"},"image":{"@id":"https:\/\/www.oiseaudenim.com\/?page_id=4062#primaryimage"},"thumbnailUrl":"https:\/\/www.oiseaudenim.com\/wp-content\/uploads\/2020\/12\/Boutique-etiquette-60mm-Or.png","datePublished":"2021-02-10T22:48:45+00:00","dateModified":"2021-02-10T23:44:49+00:00","breadcrumb":{"@id":"https:\/\/www.oiseaudenim.com\/?page_id=4062#breadcrumb"},"inLanguage":"en-US","potentialAction":[{"@type":"ReadAction","target":["https:\/\/www.oiseaudenim.com\/?page_id=4062"]}]},{"@type":"ImageObject","inLanguage":"en-US","@id":"https:\/\/www.oiseaudenim.com\/?page_id=4062#primaryimage","url":"https:\/\/i0.wp.com\/www.oiseaudenim.com\/wp-content\/uploads\/2020\/12\/Boutique-etiquette-60mm-Or.png?fit=719%2C719&ssl=1","contentUrl":"https:\/\/i0.wp.com\/www.oiseaudenim.com\/wp-content\/uploads\/2020\/12\/Boutique-etiquette-60mm-Or.png?fit=719%2C719&ssl=1","width":719,"height":719},{"@type":"BreadcrumbList","@id":"https:\/\/www.oiseaudenim.com\/?page_id=4062#breadcrumb","itemListElement":[{"@type":"ListItem","position":1,"name":"Home","item":"https:\/\/www.oiseaudenim.com\/"},{"@type":"ListItem","position":2,"name":"Mentions L\u00e9gales"}]},{"@type":"WebSite","@id":"https:\/\/www.oiseaudenim.com\/#website","url":"https:\/\/www.oiseaudenim.com\/","name":"Oiseau deNim Miniatures","description":"Art Sculptures &amp; Dollshouse Miniatures","publisher":{"@id":"https:\/\/www.oiseaudenim.com\/#organization"},"potentialAction":[{"@type":"SearchAction","target":{"@type":"EntryPoint","urlTemplate":"https:\/\/www.oiseaudenim.com\/?s={search_term_string}"},"query-input":{"@type":"PropertyValueSpecification","valueRequired":true,"valueName":"search_term_string"}}],"inLanguage":"en-US"},{"@type":"Organization","@id":"https:\/\/www.oiseaudenim.com\/#organization","name":"Oiseau deNim Miniatures","url":"https:\/\/www.oiseaudenim.com\/","logo":{"@type":"ImageObject","inLanguage":"en-US","@id":"https:\/\/www.oiseaudenim.com\/#\/schema\/logo\/image\/","url":"https:\/\/i0.wp.com\/www.oiseaudenim.com\/wp-content\/uploads\/2020\/05\/cropped-logo-1.png?fit=512%2C512&ssl=1","contentUrl":"https:\/\/i0.wp.com\/www.oiseaudenim.com\/wp-content\/uploads\/2020\/05\/cropped-logo-1.png?fit=512%2C512&ssl=1","width":512,"height":512,"caption":"Oiseau deNim Miniatures"},"image":{"@id":"https:\/\/www.oiseaudenim.com\/#\/schema\/logo\/image\/"},"sameAs":["https:\/\/www.facebook.com\/peiwen.petitgrand.3","https:\/\/www.instagram.com\/peiwenpetitgrand"]}]}},"jetpack-related-posts":[],"jetpack_sharing_enabled":true,"_links":{"self":[{"href":"https:\/\/www.oiseaudenim.com\/index.php?rest_route=\/wp\/v2\/pages\/4062","targetHints":{"allow":["GET"]}}],"collection":[{"href":"https:\/\/www.oiseaudenim.com\/index.php?rest_route=\/wp\/v2\/pages"}],"about":[{"href":"https:\/\/www.oiseaudenim.com\/index.php?rest_route=\/wp\/v2\/types\/page"}],"author":[{"embeddable":true,"href":"https:\/\/www.oiseaudenim.com\/index.php?rest_route=\/wp\/v2\/users\/2"}],"replies":[{"embeddable":true,"href":"https:\/\/www.oiseaudenim.com\/index.php?rest_route=%2Fwp%2Fv2%2Fcomments&post=4062"}],"version-history":[{"count":0,"href":"https:\/\/www.oiseaudenim.com\/index.php?rest_route=\/wp\/v2\/pages\/4062\/revisions"}],"wp:attachment":[{"href":"https:\/\/www.oiseaudenim.com\/index.php?rest_route=%2Fwp%2Fv2%2Fmedia&parent=4062"}],"curies":[{"name":"wp","href":"https:\/\/api.w.org\/{rel}","templated":true}]}}